{"id":791,"date":"2024-07-02T09:02:27","date_gmt":"2024-07-02T09:02:27","guid":{"rendered":"https:\/\/distantmeadows.com\/?page_id=791"},"modified":"2026-04-16T13:26:07","modified_gmt":"2026-04-16T13:26:07","slug":"jobs","status":"publish","type":"page","link":"https:\/\/distantmeadows.com\/de\/jobs\/","title":{"rendered":"Jobs"},"content":{"rendered":"<h2 class=\"wp-block-heading has-custom-dark-teal-color has-text-color has-link-color has-capriola-font-family wp-elements-4d6d67ef345380cb88818a6498d0d234\">Jobs<\/h2>\n\n\n\n<p class=\"has-custom-vanilla-cream-color has-text-color has-link-color has-averia-libre-font-family wp-elements-cf1daf0ad85afec950c3d37d691753ba\">Wir stellen aktuell nicht aktiv ein. Dennoch kannst du dich gerne bei uns melden, wenn du interessiert bist. Unsere E-Mail findest du unten.<\/p>\n\n\n\n<div style=\"height:27px\" aria-hidden=\"true\" class=\"wp-block-spacer\"><\/div>\n\n\n\n<h2 class=\"wp-block-heading has-custom-dark-teal-color has-text-color has-link-color has-capriola-font-family wp-elements-66594c766c37c379d1b40213e9661264\">Praktika<\/h2>\n\n\n\n<p class=\"has-custom-vanilla-cream-color has-text-color has-link-color has-averia-libre-font-family wp-elements-1bb05ac48a1d13e6df49844a5e0150c2\">Au\u00dferdem bieten wir verschiedene Praktika mit einer Mindestdauer von 3 Monaten in den folgenden Bereichen an:<\/p>\n\n\n\n<ul class=\"wp-block-list\">\n<li>Engineering\/ Programming (Godot 4)<\/li>\n\n\n\n<li>Graphics Engineering\/ Pixel Art (Aseprite\/ Pixelorama)<\/li>\n\n\n\n<li>Content Creation\/ Social Media\/ Community Management\/ Marketing<\/li>\n\n\n\n<li>Project Management<\/li>\n\n\n\n<li>Sound Design<\/li>\n<\/ul>\n\n\n\n<div style=\"height:26px\" aria-hidden=\"true\" class=\"wp-block-spacer\"><\/div>\n\n\n\n<h2 class=\"wp-block-heading has-custom-dark-teal-color has-text-color has-link-color has-capriola-font-family wp-elements-03de2be63fe4fa3d97337551c4a21a95\">Wir arbeiten mit FOSS<\/h2>\n\n\n\n<p class=\"has-custom-vanilla-cream-color has-text-color has-link-color has-averia-libre-font-family wp-elements-2836f31cc41291044518ff340bf9af8e\">Wir legen gro\u00dfen Wert auf den Einsatz von freier und Open-Source-Software und sch\u00e4tzen die Zusammenarbeit mit Menschen, die dieser Herangehensweise offen gegen\u00fcber sind.<\/p>\n\n\n\n<div style=\"height:31px\" aria-hidden=\"true\" class=\"wp-block-spacer\"><\/div>\n\n\n\n<h2 class=\"wp-block-heading has-custom-dark-teal-color has-text-color has-link-color has-capriola-font-family wp-elements-3a7fdf73f803cab089462f7797028e60\">Interessiert?<\/h2>\n\n\n\n<p class=\"has-text-align-left has-custom-vanilla-cream-color has-text-color has-link-color has-averia-libre-font-family wp-elements-b70129d6d90a2a4c0bbd6c25c8a67507\">Sende uns deine Bewerbung f\u00fcr Jobs und Praktika gerne an <\/p>\n\n\n\n<p class=\"has-text-align-left has-custom-vanilla-cream-color has-text-color has-link-color has-averia-libre-font-family wp-elements-4f52001b278626e6f4d41b8feaa6a055\">jobs@distantmeadows.com <\/p>\n\n\n\n<p class=\"has-text-align-left has-custom-vanilla-cream-color has-text-color has-link-color has-averia-libre-font-family wp-elements-2eeb8dc24adc1943cfd82aa80fe1bc44\">Bitte f\u00fcge deiner Bewerbung ein Portfolio bei, das sich auf das jeweilige Fachgebiet bezieht. Das ist f\u00fcr uns wichtiger als Zertifikate oder Abschl\u00fcsse.<\/p>\n\n\n\n<div style=\"height:100px\" aria-hidden=\"true\" class=\"wp-block-spacer\"><\/div>","protected":false},"excerpt":{"rendered":"<p>Jobs We are currently not actively hiring. But still, you can contact us if you are interested. In order to get in touch with us, check out our email below. Internships Additionally, we offer various internships with a minimum duration of 3 months in the following areas: We work with FOSS We value the use [&hellip;]<\/p>\n","protected":false},"author":1,"featured_media":0,"parent":0,"menu_order":0,"comment_status":"closed","ping_status":"closed","template":"","meta":{"_uag_custom_page_level_css":"","_swt_meta_header_display":false,"_swt_meta_footer_display":false,"_swt_meta_site_title_display":false,"_swt_meta_sticky_header":false,"_swt_meta_transparent_header":false,"footnotes":""},"class_list":["post-791","page","type-page","status-publish","hentry"],"uagb_featured_image_src":{"full":false,"thumbnail":false,"medium":false,"medium_large":false,"large":false,"1536x1536":false,"2048x2048":false,"trp-custom-language-flag":false},"uagb_author_info":{"display_name":"Felix Baumgarten","author_link":"https:\/\/distantmeadows.com\/de\/author\/admin\/"},"uagb_comment_info":0,"uagb_excerpt":"Jobs We are currently not actively hiring. But still, you can contact us if you are interested. In order to get in touch with us, check out our email below. Internships Additionally, we offer various internships with a minimum duration of 3 months in the following areas: We work with FOSS We value the use&hellip;","_links":{"self":[{"href":"https:\/\/distantmeadows.com\/de\/wp-json\/wp\/v2\/pages\/791","targetHints":{"allow":["GET"]}}],"collection":[{"href":"https:\/\/distantmeadows.com\/de\/wp-json\/wp\/v2\/pages"}],"about":[{"href":"https:\/\/distantmeadows.com\/de\/wp-json\/wp\/v2\/types\/page"}],"author":[{"embeddable":true,"href":"https:\/\/distantmeadows.com\/de\/wp-json\/wp\/v2\/users\/1"}],"replies":[{"embeddable":true,"href":"https:\/\/distantmeadows.com\/de\/wp-json\/wp\/v2\/comments?post=791"}],"version-history":[{"count":46,"href":"https:\/\/distantmeadows.com\/de\/wp-json\/wp\/v2\/pages\/791\/revisions"}],"predecessor-version":[{"id":1846,"href":"https:\/\/distantmeadows.com\/de\/wp-json\/wp\/v2\/pages\/791\/revisions\/1846"}],"wp:attachment":[{"href":"https:\/\/distantmeadows.com\/de\/wp-json\/wp\/v2\/media?parent=791"}],"curies":[{"name":"wp","href":"https:\/\/api.w.org\/{rel}","templated":true}]}}