{"id":904,"date":"2026-01-09T15:34:24","date_gmt":"2026-01-09T15:34:24","guid":{"rendered":"https:\/\/distantmeadows.com\/?page_id=904"},"modified":"2026-04-16T13:25:58","modified_gmt":"2026-04-16T13:25:58","slug":"foss-gamedev-workshop","status":"publish","type":"page","link":"https:\/\/distantmeadows.com\/de\/foss-gamedev-workshop\/","title":{"rendered":"FOSS GameDev Workshop"},"content":{"rendered":"<h2 class=\"wp-block-heading\">FOSS GameDev Workshop<\/h2>\n\n\n\n<figure class=\"wp-block-image size-large\"><img loading=\"lazy\" decoding=\"async\" width=\"1024\" height=\"512\" src=\"https:\/\/distantmeadows.com\/wp-content\/uploads\/2026\/01\/FOSS-Gamedev-Workshop-Sponsoring.001-1024x512.png\" alt=\"\" class=\"wp-image-905\" srcset=\"https:\/\/distantmeadows.com\/wp-content\/uploads\/2026\/01\/FOSS-Gamedev-Workshop-Sponsoring.001-1024x512.png 1024w, https:\/\/distantmeadows.com\/wp-content\/uploads\/2026\/01\/FOSS-Gamedev-Workshop-Sponsoring.001-300x150.png 300w, https:\/\/distantmeadows.com\/wp-content\/uploads\/2026\/01\/FOSS-Gamedev-Workshop-Sponsoring.001-768x384.png 768w, https:\/\/distantmeadows.com\/wp-content\/uploads\/2026\/01\/FOSS-Gamedev-Workshop-Sponsoring.001-1536x768.png 1536w, https:\/\/distantmeadows.com\/wp-content\/uploads\/2026\/01\/FOSS-Gamedev-Workshop-Sponsoring.001.png 2000w\" sizes=\"auto, (max-width: 1024px) 100vw, 1024px\" \/><\/figure>\n\n\n\n<div style=\"height:8px\" aria-hidden=\"true\" class=\"wp-block-spacer\"><\/div>\n\n\n\n<p class=\"has-text-align-left block\">Der FOSS (= Free and Open Source Software) GameDev Workshop ist ein w\u00f6chentliches, soziales Co-Working-Format, das im Februar 2026 startet. Die Teilnehmenden arbeiten an ihren eigenen Spielprojekten in einer kollaborativen Umgebung, mit einer geplanten FOSS-Veranstaltung zum Thema Gaming Ende Juli. Der Workshop wird anschlie\u00dfend fortgesetzt und entwickelt sich basierend auf dem Feedback der Community weiter. Die Sessions finden donnerstags abends im Haus des Spiels in N\u00fcrnberg statt und sind vollst\u00e4ndig hybrid, sodass Teilnehmende von \u00fcberall und mit beliebiger Ausstattung teilnehmen k\u00f6nnen.<\/p>\n\n\n\n<p class=\"has-text-align-left block has-averia-libre-font-family has-medium-font-size\">Das Programm bringt angehende Spieleentwickler:innen, Grafikdesigner:innen und Programmierer:innen zusammen, die ihre F\u00e4higkeiten mit Open-Source-Tools vertiefen m\u00f6chten. Die Teilnahme ist kostenlos, und erfahrene Expert:innen von Distant Meadows unterst\u00fctzen die Teilnehmenden in Programmen wie <a href=\"https:\/\/godotengine.org\/\" data-type=\"link\" data-id=\"https:\/\/godotengine.org\/\">Godot<\/a>, <a href=\"https:\/\/www.blender.org\/\" data-type=\"link\" data-id=\"https:\/\/www.blender.org\/\">Blender<\/a>, <a href=\"https:\/\/www.aseprite.org\/\" data-type=\"link\" data-id=\"https:\/\/www.aseprite.org\/\">Aseprite<\/a>, <a href=\"https:\/\/www.linux.org\/pages\/download\/\" data-type=\"link\" data-id=\"https:\/\/www.linux.org\/pages\/download\/\">Linux<\/a> und <a href=\"https:\/\/nextcloud.com\/\" data-type=\"link\" data-id=\"https:\/\/nextcloud.com\/\">Nextcloud<\/a>. Showcase-Events bieten den Teilnehmenden eine Plattform, um ihre Fortschritte mit eingeladenen Expert:innen zu besprechen und konstruktives Feedback zu erhalten.<\/p>\n\n\n\n<div style=\"height:43px\" aria-hidden=\"true\" class=\"wp-block-spacer\"><\/div>\n\n\n\n<h4 class=\"wp-block-heading\">Wichtigsten Infos:<\/h4>\n\n\n\n<ul class=\"wp-block-list\">\n<li>Jeden Donnerstag Abend um 18 Uhr<\/li>\n\n\n\n<li>Startet am 5. Februar 2026<\/li>\n\n\n\n<li>Kostenlose Teilnahme<\/li>\n\n\n\n<li>Ort: <a href=\"https:\/\/museen.nuernberg.de\/haus-des-spiels\/besucherinformation\/adresse\" data-type=\"link\" data-id=\"https:\/\/museen.nuernberg.de\/haus-des-spiels\/besucherinformation\/adresse\">Haus des Spiels, Egidienplatz 23, 90403 Nuremberg<\/a> oder remote<\/li>\n<\/ul>\n\n\n\n<div style=\"height:30px\" aria-hidden=\"true\" class=\"wp-block-spacer\"><\/div>\n\n\n\n<div class=\"wp-block-buttons is-content-justification-center is-layout-flex wp-container-core-buttons-is-layout-a89b3969 wp-block-buttons-is-layout-flex\">\n<div class=\"wp-block-button is-style-fill\"><a class=\"wp-block-button__link wp-element-button\" href=\"https:\/\/linksta.cc\/@gamedevworkshop\">Hier geht es zur Workshop Homepage<\/a><\/div>\n<\/div>\n\n\n\n<div style=\"height:36px\" aria-hidden=\"true\" class=\"wp-block-spacer\"><\/div>\n\n\n\n<p class=\"has-text-align-center\"><strong>Gesponsert von<\/strong><\/p>\n\n\n\n<div class=\"wp-block-columns is-layout-flex wp-container-core-columns-is-layout-28f84493 wp-block-columns-is-layout-flex\">\n<div class=\"wp-block-column is-layout-flow wp-block-column-is-layout-flow\">\n<figure class=\"wp-block-image aligncenter size-large is-resized\"><a href=\"https:\/\/www.games-bavaria.com\/\"><img loading=\"lazy\" decoding=\"async\" width=\"1024\" height=\"415\" src=\"https:\/\/distantmeadows.com\/wp-content\/uploads\/2026\/01\/GB_Logo_Horizontal_Farbe_CMYK-1024x415.png\" alt=\"\" class=\"wp-image-914\" style=\"width:242px;height:auto\" srcset=\"https:\/\/distantmeadows.com\/wp-content\/uploads\/2026\/01\/GB_Logo_Horizontal_Farbe_CMYK-1024x415.png 1024w, https:\/\/distantmeadows.com\/wp-content\/uploads\/2026\/01\/GB_Logo_Horizontal_Farbe_CMYK-300x121.png 300w, https:\/\/distantmeadows.com\/wp-content\/uploads\/2026\/01\/GB_Logo_Horizontal_Farbe_CMYK-768x311.png 768w, https:\/\/distantmeadows.com\/wp-content\/uploads\/2026\/01\/GB_Logo_Horizontal_Farbe_CMYK-1536x622.png 1536w, https:\/\/distantmeadows.com\/wp-content\/uploads\/2026\/01\/GB_Logo_Horizontal_Farbe_CMYK.png 2043w\" sizes=\"auto, (max-width: 1024px) 100vw, 1024px\" \/><\/a><\/figure>\n<\/div>\n\n\n\n<div class=\"wp-block-column is-layout-flow wp-block-column-is-layout-flow\">\n<figure class=\"wp-block-image aligncenter size-large is-resized\"><a href=\"https:\/\/museen.nuernberg.de\/haus-des-spiels\/\"><img loading=\"lazy\" decoding=\"async\" width=\"1024\" height=\"526\" src=\"https:\/\/distantmeadows.com\/wp-content\/uploads\/2026\/01\/2604346505-69053726-1024x526.jpg\" alt=\"\" class=\"wp-image-915\" style=\"width:177px;height:auto\" srcset=\"https:\/\/distantmeadows.com\/wp-content\/uploads\/2026\/01\/2604346505-69053726-1024x526.jpg 1024w, https:\/\/distantmeadows.com\/wp-content\/uploads\/2026\/01\/2604346505-69053726-300x154.jpg 300w, https:\/\/distantmeadows.com\/wp-content\/uploads\/2026\/01\/2604346505-69053726-768x395.jpg 768w, https:\/\/distantmeadows.com\/wp-content\/uploads\/2026\/01\/2604346505-69053726-1536x789.jpg 1536w, https:\/\/distantmeadows.com\/wp-content\/uploads\/2026\/01\/2604346505-69053726.jpg 1588w\" sizes=\"auto, (max-width: 1024px) 100vw, 1024px\" \/><\/a><\/figure>\n<\/div>\n<\/div>\n\n\n\n<div style=\"height:12px\" aria-hidden=\"true\" class=\"wp-block-spacer\"><\/div>\n\n\n\n<p class=\"has-text-align-center\">Wir sind weiterhin auf der Suche nach zus\u00e4tzlichen Sponsor:innen. <\/p>\n\n\n\n<p class=\"has-text-align-center\">Interessiert an unseren Sponsoring-Stufen?<\/p>\n\n\n\n<div class=\"wp-block-buttons is-content-justification-center is-layout-flex wp-container-core-buttons-is-layout-a89b3969 wp-block-buttons-is-layout-flex\">\n<div class=\"wp-block-button\"><a class=\"wp-block-button__link wp-element-button\" href=\"https:\/\/distantmeadows.com\/contact\/\">Kontaktiere uns gern hier<\/a><\/div>\n<\/div>\n\n\n\n<div style=\"height:57px\" aria-hidden=\"true\" class=\"wp-block-spacer\"><\/div>\n\n\n\n<p><\/p>","protected":false},"excerpt":{"rendered":"<p>FOSS GameDev Workshop The FOSS (= Free and Open Source Software) GameDev Workshop is a weekly, social co-working format launching in February 2026. Participants work on their own game projects in a collaborative environment, with a planned gaming-related FOSS event at the end of July. The workshop will continue thereafter, evolving based on community feedback. [&hellip;]<\/p>\n","protected":false},"author":3,"featured_media":0,"parent":0,"menu_order":0,"comment_status":"closed","ping_status":"closed","template":"","meta":{"_uag_custom_page_level_css":"","_swt_meta_header_display":false,"_swt_meta_footer_display":false,"_swt_meta_site_title_display":false,"_swt_meta_sticky_header":false,"_swt_meta_transparent_header":false,"footnotes":""},"class_list":["post-904","page","type-page","status-publish","hentry"],"uagb_featured_image_src":{"full":false,"thumbnail":false,"medium":false,"medium_large":false,"large":false,"1536x1536":false,"2048x2048":false,"trp-custom-language-flag":false},"uagb_author_info":{"display_name":"Michelle Utzelmann","author_link":"https:\/\/distantmeadows.com\/de\/author\/michelle\/"},"uagb_comment_info":0,"uagb_excerpt":"FOSS GameDev Workshop The FOSS (= Free and Open Source Software) GameDev Workshop is a weekly, social co-working format launching in February 2026. Participants work on their own game projects in a collaborative environment, with a planned gaming-related FOSS event at the end of July. The workshop will continue thereafter, evolving based on community feedback.&hellip;","_links":{"self":[{"href":"https:\/\/distantmeadows.com\/de\/wp-json\/wp\/v2\/pages\/904","targetHints":{"allow":["GET"]}}],"collection":[{"href":"https:\/\/distantmeadows.com\/de\/wp-json\/wp\/v2\/pages"}],"about":[{"href":"https:\/\/distantmeadows.com\/de\/wp-json\/wp\/v2\/types\/page"}],"author":[{"embeddable":true,"href":"https:\/\/distantmeadows.com\/de\/wp-json\/wp\/v2\/users\/3"}],"replies":[{"embeddable":true,"href":"https:\/\/distantmeadows.com\/de\/wp-json\/wp\/v2\/comments?post=904"}],"version-history":[{"count":30,"href":"https:\/\/distantmeadows.com\/de\/wp-json\/wp\/v2\/pages\/904\/revisions"}],"predecessor-version":[{"id":2156,"href":"https:\/\/distantmeadows.com\/de\/wp-json\/wp\/v2\/pages\/904\/revisions\/2156"}],"wp:attachment":[{"href":"https:\/\/distantmeadows.com\/de\/wp-json\/wp\/v2\/media?parent=904"}],"curies":[{"name":"wp","href":"https:\/\/api.w.org\/{rel}","templated":true}]}}